{"id":19,"date":"2024-04-15T13:20:24","date_gmt":"2024-04-15T13:20:24","guid":{"rendered":"https:\/\/joinquizlet.org\/quizlet\/"},"modified":"2024-04-15T18:04:35","modified_gmt":"2024-04-15T18:04:35","slug":"quizlet","status":"publish","type":"page","link":"https:\/\/joinquizlet.org\/fr\/","title":{"rendered":"Quizlet"},"content":{"rendered":"\n<p>Quizlet est un outil convivial qui transforme l&rsquo;\u00e9tude traditionnelle en une exp\u00e9rience interactive et engageante. Parfait pour les \u00e9tudiants, les enseignants et les apprenants permanents, Quizlet offre de multiples fa\u00e7ons d&rsquo;\u00e9tudier, de jouer et m\u00eame de rivaliser avec les autres. Voici un guide simple sur la fa\u00e7on d&rsquo;utiliser Quizlet efficacement.<\/p>\n\n<h2 class=\"wp-block-heading\">Comment d\u00e9marrer avec Quizlet<\/h2>\n\n<h3 class=\"wp-block-heading\">S&rsquo;inscrire et se connecter<\/h3>\n\n<ol class=\"wp-block-list\">\n<li><strong>S&rsquo;inscrire<\/strong>: Visitez le site Web de Quizlet ou t\u00e9l\u00e9chargez l&rsquo;application Quizlet. Vous pouvez vous inscrire en utilisant votre adresse \u00e9lectronique, votre compte Google ou Facebook.<\/li>\n\n\n\n<li>Se <strong>connecter<\/strong>: Une fois inscrit, connectez-vous pour acc\u00e9der \u00e0 votre tableau de bord personnel o\u00f9 vous pourrez cr\u00e9er et g\u00e9rer votre mat\u00e9riel d&rsquo;\u00e9tude.<\/li>\n<\/ol>\n\n<h2 class=\"wp-block-heading\">Caract\u00e9ristiques de Quizlet<\/h2>\n\n<h3 class=\"wp-block-heading\">Ma\u00eetriser le mat\u00e9riel avec les cartes flash<\/h3>\n\n<p>Cr\u00e9ez des s\u00e9ries de flashcards pour m\u00e9moriser des termes, des d\u00e9finitions ou des processus. Vous pouvez personnaliser vos flashcards avec du texte, des images et m\u00eame du son.<\/p>\n\n<h3 class=\"wp-block-heading\">S&rsquo;engager avec Quizlet Live<\/h3>\n\n<p>Quizlet Live vous permet de participer \u00e0 des jeux interactifs en direct qui font de l&rsquo;apprentissage un travail d&rsquo;\u00e9quipe :<\/p>\n\n<ul class=\"wp-block-list\">\n<li><strong>Pour participer<\/strong>: Saisissez le code de jeu fourni par l&rsquo;organisateur du jeu et pr\u00e9parez-vous \u00e0 participer \u00e0 un jeu-concours au rythme effr\u00e9n\u00e9.<\/li>\n<\/ul>\n\n<h3 class=\"wp-block-heading\">Explorer les diff\u00e9rents modes d&rsquo;\u00e9tude<\/h3>\n\n<p>Quizlet propose diff\u00e9rents modes pour r\u00e9pondre aux diff\u00e9rentes pr\u00e9f\u00e9rences d&rsquo;apprentissage :<\/p>\n\n<ul class=\"wp-block-list\">\n<li><strong>Mode Apprentissage<\/strong>: Cible vos points faibles pour vous aider \u00e0 \u00e9tudier plus efficacement.<\/li>\n\n\n\n<li><strong>Mode Match<\/strong>: Un jeu amusant, chronom\u00e9tr\u00e9, dans lequel vous associez des termes aux d\u00e9finitions correspondantes.<\/li>\n<\/ul>\n\n<h3 class=\"wp-block-heading\">Aller plus loin avec Quizlet Plus<\/h3>\n\n<p>Quizlet Plus offre des fonctionnalit\u00e9s am\u00e9lior\u00e9es pour une exp\u00e9rience d&rsquo;apprentissage plus personnalis\u00e9e et plus puissante, y compris des options de personnalisation avanc\u00e9es et un acc\u00e8s hors ligne.<\/p>\n\n<h3 class=\"wp-block-heading\">\u00c9tudier en d\u00e9placement avec les applications Quizlet<\/h3>\n\n<p>Gr\u00e2ce \u00e0 l&rsquo;application Quizlet disponible pour les appareils iOS et Android, vous pouvez effectuer vos sessions d&rsquo;\u00e9tude n&rsquo;importe o\u00f9, n&rsquo;importe quand.<\/p>\n\n<h2 class=\"wp-block-heading\">Cr\u00e9er et partager vos jeux d&rsquo;\u00e9tudes<\/h2>\n\n<h3 class=\"wp-block-heading\">Comment cr\u00e9er un jeu d&rsquo;\u00e9tudes sur Quizlet<\/h3>\n\n<ol class=\"wp-block-list\">\n<li><strong>Commencez votre jeu<\/strong>: Cliquez sur \u00ab\u00a0Cr\u00e9er\u00a0\u00bb sur votre tableau de bord.<\/li>\n\n\n\n<li><strong>Ajouter du contenu<\/strong>: Compl\u00e9tez vos flashcards avec des termes, des d\u00e9finitions et d&rsquo;autres supports.<\/li>\n<\/ol>\n\n<h2 class=\"wp-block-heading\">Aper\u00e7u des principales fonctionnalit\u00e9s de Quizlet<\/h2>\n\n<p>Consultez ce tableau pour un r\u00e9sum\u00e9 rapide de l&rsquo;offre de Quizlet :<\/p>\n\n<figure class=\"wp-block-table\"><table><thead><tr><th>Fonctionnalit\u00e9<\/th><th>Description<\/th><th>Plus des avantages ?<\/th><\/tr><\/thead><tbody><tr><td>Flashcards<\/td><td>Des kits d&rsquo;\u00e9tude cr\u00e9\u00e9s pour la m\u00e9morisation et les tests.<\/td><td>Oui<\/td><\/tr><tr><td>Quizlet Live<\/td><td>Jeux d&rsquo;apprentissage en temps r\u00e9el et en \u00e9quipe.<\/td><td>Non<\/td><\/tr><tr><td>Modes d&rsquo;\u00e9tude<\/td><td>Diverses fa\u00e7ons de r\u00e9viser et de renforcer le contenu.<\/td><td>Non<\/td><\/tr><tr><td>Quizlet Plus<\/td><td>Des fonctionnalit\u00e9s suppl\u00e9mentaires telles que le t\u00e9l\u00e9chargement d&rsquo;images, la personnalisation et l&rsquo;\u00e9tude hors ligne.<\/td><td>Oui<\/td><\/tr><tr><td>Application mobile<\/td><td>Acc\u00e9dez au mat\u00e9riel d&rsquo;\u00e9tude sur votre appareil mobile.<\/td><td>Non<\/td><\/tr><\/tbody><\/table><\/figure>\n\n<h2 class=\"wp-block-heading\">Alternatives \u00e0 Quizlet<\/h2>\n\n<p>Pour ceux qui recherchent d&rsquo;autres plateformes, voici quelques alternatives :<\/p>\n\n<ul class=\"wp-block-list\">\n<li><strong>Anki<\/strong>: Id\u00e9al pour les utilisateurs \u00e0 la recherche d&rsquo;un outil d&rsquo;apprentissage par r\u00e9p\u00e9tition espac\u00e9e hautement personnalisable.<\/li>\n\n\n\n<li><strong>Kahoot<\/strong>: apporte \u00e0 l&rsquo;apprentissage et \u00e0 la r\u00e9vision une excitation semblable \u00e0 celle d&rsquo;un jeu t\u00e9l\u00e9vis\u00e9.<\/li>\n\n\n\n<li><strong>Cram<\/strong>: Propose des outils simples de cr\u00e9ation et de test de flashcards, similaires \u00e0 Quizlet, mais avec moins de fonctionnalit\u00e9s.<\/li>\n<\/ul>\n\n<h2 class=\"wp-block-heading\">Conclusion<\/h2>\n\n<p>Que vous vous pr\u00e9pariez \u00e0 un examen important ou que vous souhaitiez simplement rafra\u00eechir vos connaissances, Quizlet propose une gamme compl\u00e8te d&rsquo;outils pour rendre votre temps d&rsquo;\u00e9tude plus productif et plus agr\u00e9able. Commencez d\u00e8s aujourd&rsquo;hui \u00e0 faire passer votre apprentissage au niveau sup\u00e9rieur !<\/p>\n","protected":false},"excerpt":{"rendered":"<p>Quizlet est un outil convivial qui transforme l&rsquo;\u00e9tude traditionnelle en une exp\u00e9rience interactive et engageante&#8230;.<\/p>\n","protected":false},"author":1,"featured_media":0,"parent":0,"menu_order":0,"comment_status":"closed","ping_status":"closed","template":"","meta":{"footnotes":""},"class_list":["post-19","page","type-page","status-publish","hentry"],"_links":{"self":[{"href":"https:\/\/joinquizlet.org\/fr\/wp-json\/wp\/v2\/pages\/19","targetHints":{"allow":["GET"]}}],"collection":[{"href":"https:\/\/joinquizlet.org\/fr\/wp-json\/wp\/v2\/pages"}],"about":[{"href":"https:\/\/joinquizlet.org\/fr\/wp-json\/wp\/v2\/types\/page"}],"author":[{"embeddable":true,"href":"https:\/\/joinquizlet.org\/fr\/wp-json\/wp\/v2\/users\/1"}],"replies":[{"embeddable":true,"href":"https:\/\/joinquizlet.org\/fr\/wp-json\/wp\/v2\/comments?post=19"}],"version-history":[{"count":2,"href":"https:\/\/joinquizlet.org\/fr\/wp-json\/wp\/v2\/pages\/19\/revisions"}],"predecessor-version":[{"id":23,"href":"https:\/\/joinquizlet.org\/fr\/wp-json\/wp\/v2\/pages\/19\/revisions\/23"}],"wp:attachment":[{"href":"https:\/\/joinquizlet.org\/fr\/wp-json\/wp\/v2\/media?parent=19"}],"curies":[{"name":"wp","href":"https:\/\/api.w.org\/{rel}","templated":true}]}}