{"id":62,"date":"2024-04-15T13:20:24","date_gmt":"2024-04-15T13:20:24","guid":{"rendered":"https:\/\/joinquizlet.org\/quizlet\/"},"modified":"2024-04-15T18:04:54","modified_gmt":"2024-04-15T18:04:54","slug":"quizlet","status":"publish","type":"page","link":"https:\/\/joinquizlet.org\/no\/","title":{"rendered":"Quizlet"},"content":{"rendered":"\n<p>Quizlet er et brukervennlig verkt\u00f8y som forvandler tradisjonelle studier til en interaktiv og engasjerende opplevelse. Quizlet er perfekt for studenter, l\u00e6rere og livslang l\u00e6ring, og tilbyr flere m\u00e5ter \u00e5 studere, spille og til og med konkurrere med andre p\u00e5. Her er en enkel guide til hvordan du bruker Quizlet p\u00e5 en effektiv m\u00e5te.<\/p>\n\n<h2 class=\"wp-block-heading\">Slik kommer du i gang med Quizlet<\/h2>\n\n<h3 class=\"wp-block-heading\">Registrering og innlogging<\/h3>\n\n<ol class=\"wp-block-list\">\n<li><strong>Registrer<\/strong> deg: Bes\u00f8k Quizlets nettside eller last ned Quizlet-appen. Du kan registrere deg ved hjelp av e-post-, Google- eller Facebook-kontoen din.<\/li>\n\n\n\n<li><strong>Logg<\/strong> inn: N\u00e5r du har registrert deg, logger du inn for \u00e5 f\u00e5 tilgang til ditt personlige dashbord der du kan opprette og administrere studiemateriellet ditt.<\/li>\n<\/ol>\n\n<h2 class=\"wp-block-heading\">Funksjoner i Quizlet<\/h2>\n\n<h3 class=\"wp-block-heading\">\u00c5 mestre materialet med Flashcards<\/h3>\n\n<p>Lag sett med flashcards for \u00e5 huske termer, definisjoner eller prosesser. Du kan tilpasse flashkortene dine med tekst, bilder og til og med lyd.<\/p>\n\n<h3 class=\"wp-block-heading\">Bruk av Quizlet Live<\/h3>\n\n<p>Med Quizlet Live kan du delta i live, interaktive quiz-spill som gj\u00f8r l\u00e6ring til en laginnsats:<\/p>\n\n<ul class=\"wp-block-list\">\n<li><strong>Slik<\/strong> blir du med: Skriv inn spillkoden du f\u00e5r av en spillvert, og gj\u00f8r deg klar for fartsfylt quiz-action.<\/li>\n<\/ul>\n\n<h3 class=\"wp-block-heading\">Utforske ulike studiemetoder<\/h3>\n\n<p>Quizlet tilbyr ulike moduser for \u00e5 im\u00f8tekomme ulike l\u00e6ringspreferanser:<\/p>\n\n<ul class=\"wp-block-list\">\n<li><strong>L\u00e6ringsmodus<\/strong>: M\u00e5lretter seg mot dine svakere omr\u00e5der for \u00e5 hjelpe deg med \u00e5 studere mer effektivt.<\/li>\n\n\n\n<li><strong>Match-modus<\/strong>: Et morsomt tidsspill der du skal matche begreper med tilh\u00f8rende definisjoner.<\/li>\n<\/ul>\n\n<h3 class=\"wp-block-heading\">G\u00e5 videre med Quizlet Plus<\/h3>\n\n<p>Quizlet Plus tilbyr forbedrede funksjoner for en mer personlig og kraftfull l\u00e6ringsopplevelse, inkludert avanserte tilpasningsalternativer og offline-tilgang.<\/p>\n\n<h3 class=\"wp-block-heading\">Pugging p\u00e5 farten med Quizlet-apper<\/h3>\n\n<p>Med Quizlet-appen, som er tilgjengelig for b\u00e5de iOS- og Android-enheter, kan du studere hvor som helst og n\u00e5r som helst.<\/p>\n\n<h2 class=\"wp-block-heading\">Opprette og dele studiesett<\/h2>\n\n<h3 class=\"wp-block-heading\">Hvordan lage et studiesett p\u00e5 Quizlet<\/h3>\n\n<ol class=\"wp-block-list\">\n<li><strong>Start settet ditt<\/strong>: Klikk p\u00e5 &laquo;Opprett&raquo; p\u00e5 dashbordet.<\/li>\n\n\n\n<li><strong>Legg til innhold<\/strong>: Fyll ut kortene med termer, definisjoner og eventuelle andre medier.<\/li>\n<\/ol>\n\n<h2 class=\"wp-block-heading\">Oversikt over Quizlets viktigste funksjoner<\/h2>\n\n<p>I denne tabellen finner du en rask oversikt over hva Quizlet tilbyr:<\/p>\n\n<figure class=\"wp-block-table\"><table><thead><tr><th>Funksjon<\/th><th>Beskrivelse<\/th><th>Plus fordeler?<\/th><\/tr><\/thead><tbody><tr><td>Kort<\/td><td>Studiesett laget for memorering og testing.<\/td><td>Ja<\/td><\/tr><tr><td>Quizlet Live<\/td><td>Teambaserte l\u00e6ringsspill i sanntid.<\/td><td>Nei<\/td><\/tr><tr><td>Studiemetoder<\/td><td>Ulike m\u00e5ter \u00e5 gjennomg\u00e5 og forsterke innholdet p\u00e5.<\/td><td>Nei<\/td><\/tr><tr><td>Quizlet Plus<\/td><td>Tilleggsfunksjoner som opplasting av bilder, tilpasning og offline-studier.<\/td><td>Ja<\/td><\/tr><tr><td>Mobilapplikasjon<\/td><td>F\u00e5 tilgang til studiemateriell p\u00e5 din mobile enhet.<\/td><td>Nei<\/td><\/tr><\/tbody><\/table><\/figure>\n\n<h2 class=\"wp-block-heading\">Alternativer til Quizlet<\/h2>\n\n<p>Her er noen alternativer for deg som er p\u00e5 utkikk etter andre plattformer:<\/p>\n\n<ul class=\"wp-block-list\">\n<li><strong>Anki<\/strong>: Ideell for brukere som er p\u00e5 utkikk etter et sv\u00e6rt tilpasningsdyktig verkt\u00f8y for repetisjonsl\u00e6ring.<\/li>\n\n\n\n<li><strong>Kahoot<\/strong>: Gj\u00f8r l\u00e6ring og gjennomgang spennende som i et spillprogram.<\/li>\n\n\n\n<li><strong>Cram<\/strong>: Tilbyr enkle verkt\u00f8y for \u00e5 lage og teste flashcards, i likhet med Quizlet, men med f\u00e6rre funksjoner.<\/li>\n<\/ul>\n\n<h2 class=\"wp-block-heading\">Konklusjon<\/h2>\n\n<p>Enten du forbereder deg til en stor pr\u00f8ve eller bare vil friske opp litt fakta, tilbyr Quizlet en omfattende pakke med verkt\u00f8y som gj\u00f8r studietiden mer produktiv og morsom. Kom i gang i dag og ta l\u00e6ringen din til neste niv\u00e5!<\/p>\n","protected":false},"excerpt":{"rendered":"<p>Quizlet er et brukervennlig verkt\u00f8y som forvandler tradisjonelle studier til en interaktiv og engasjerende opplevelse&#8230;.<\/p>\n","protected":false},"author":1,"featured_media":0,"parent":0,"menu_order":0,"comment_status":"closed","ping_status":"closed","template":"","meta":{"footnotes":""},"class_list":["post-62","page","type-page","status-publish","hentry"],"_links":{"self":[{"href":"https:\/\/joinquizlet.org\/no\/wp-json\/wp\/v2\/pages\/62","targetHints":{"allow":["GET"]}}],"collection":[{"href":"https:\/\/joinquizlet.org\/no\/wp-json\/wp\/v2\/pages"}],"about":[{"href":"https:\/\/joinquizlet.org\/no\/wp-json\/wp\/v2\/types\/page"}],"author":[{"embeddable":true,"href":"https:\/\/joinquizlet.org\/no\/wp-json\/wp\/v2\/users\/1"}],"replies":[{"embeddable":true,"href":"https:\/\/joinquizlet.org\/no\/wp-json\/wp\/v2\/comments?post=62"}],"version-history":[{"count":1,"href":"https:\/\/joinquizlet.org\/no\/wp-json\/wp\/v2\/pages\/62\/revisions"}],"predecessor-version":[{"id":64,"href":"https:\/\/joinquizlet.org\/no\/wp-json\/wp\/v2\/pages\/62\/revisions\/64"}],"wp:attachment":[{"href":"https:\/\/joinquizlet.org\/no\/wp-json\/wp\/v2\/media?parent=62"}],"curies":[{"name":"wp","href":"https:\/\/api.w.org\/{rel}","templated":true}]}}